{"id":9381,"date":"2024-10-23T14:08:41","date_gmt":"2024-10-23T14:08:41","guid":{"rendered":"https:\/\/craftstudio.rs\/proizvod\/cm-p100\/"},"modified":"2024-10-23T14:08:41","modified_gmt":"2024-10-23T14:08:41","slug":"cm-p100","status":"publish","type":"product","link":"https:\/\/craftstudio.rs\/mk\/proizvod\/cm-p100\/","title":{"rendered":"CM-P100"},"content":{"rendered":"","protected":false},"excerpt":{"rendered":"<h3><strong>\u0421\u043f\u0435\u0446\u0438\u0444\u0438\u043a\u0430\u0446\u0438\u0458\u0430<\/strong><\/h3>\n<table cellspacing=\"0\" cellpadding=\"0\">\n<tbody>\n<tr>\n<td><strong>\u041c\u043e\u0434\u0435\u043b<\/strong><\/td>\n<td>CM-P100<\/td>\n<\/tr>\n<tr>\n<td><strong>\u041e\u043f\u0438\u0441<\/strong><\/td>\n<td>\u0414\u0430\u043b\u0435\u0447\u0438\u043d\u0441\u043a\u0438 \u043c\u0438\u043a\u0440\u043e\u0444\u043e\u043d \u0437\u0430 6 \u0437\u043e\u043d\u0438<\/td>\n<\/tr>\n<tr>\n<td><strong>\u041f\u043e\u0442\u0440\u043e\u0448\u0443\u0432\u0430\u0447\u043a\u0430 \u043d\u0430 \u0435\u043d\u0435\u0440\u0433\u0438\u0458\u0430<\/strong><\/td>\n<td>3W<\/td>\n<\/tr>\n<tr>\n<td><strong>\u041f\u043e\u0442\u0440\u043e\u0448\u0443\u0432\u0430\u0447\u043a\u0430 \u043d\u0430 \u0435\u043d\u0435\u0440\u0433\u0438\u0458\u0430<\/strong><\/td>\n<td>6 \u0437\u043e\u043d\u0438<\/td>\n<\/tr>\n<tr>\n<td><strong>\u041a\u0430\u043f\u0430\u0446\u0438\u0442\u0435\u0442 \u043d\u0430 \u0441\u0438\u0441\u0442\u0435\u043c\u043e\u0442<\/strong><\/td>\n<td>8 \u0434\u0430\u043b\u0435\u0447\u0438\u043d\u0441\u043a\u0438 \u043c\u0438\u043a\u0440\u043e\u0444\u043e\u043d\u0438<\/td>\n<\/tr>\n<tr>\n<td><strong>\u041b\u0438\u043d\u0438\u0441\u043a\u0438 \u0432\u043b\u0435\u0437\u043e\u0432\u0438<\/strong><\/td>\n<td>350mV, 10k\u2126<\/td>\n<\/tr>\n<tr>\n<td><strong>\u0412\u043b\u0435\u0437 \u0437\u0430 \u043c\u0438\u043a\u0440\u043e\u0444\u043e\u043d<\/strong><\/td>\n<td>5mV, 600\u2126<\/td>\n<\/tr>\n<tr>\n<td><strong>\u0424\u0440\u0435\u043a\u0432\u0435\u043d\u0442\u0435\u043d \u043e\u0434\u0433\u043e\u0432\u043e\u0440<\/strong><\/td>\n<td>80Hz~16kHz<\/td>\n<\/tr>\n<tr>\n<td><strong>THD<\/strong><\/td>\n<td>\uff1c1% \u043d\u0430 RMS, 1KHz<\/td>\n<\/tr>\n<tr>\n<td><strong>\u0421\u043e\u043e\u0434\u043d\u043e\u0441 \u0441\u0438\u0433\u043d\u0430\u043b\/\u0448\u0443\u043c (S\/N)<\/strong><\/td>\n<td>&gt;70dB<\/td>\n<\/tr>\n<tr>\n<td><strong>\u0420\u0430\u0431\u043e\u0442\u043d\u0430 \u0442\u0435\u043c\u043f\u0435\u0440\u0430\u0442\u0443\u0440\u0430<\/strong><\/td>\n<td>-20\u2103 \u0434\u043e +70\u2103<\/td>\n<\/tr>\n<tr>\n<td><strong>\u041d\u0430\u043f\u043e\u0458\u0443\u0432\u0430\u045a\u0435<\/strong><\/td>\n<td>DC24V, \u00b120%<\/td>\n<\/tr>\n<tr>\n<td><strong>\u0412\u043b\u0430\u0436\u043d\u043e\u0441\u0442<\/strong><\/td>\n<td>&lt;&lt;95% \u043d\u0435\u043a\u043e\u043d\u0434\u0435\u043d\u0437\u0438\u0440\u0430\u0447\u043a\u0438<\/td>\n<\/tr>\n<tr>\n<td><strong>\u0414\u0438\u043c\u0435\u043d\u0437\u0438\u0438<\/strong><\/td>\n<td>256 (\u0160) \u00d7 149 (V) \u00d7 52 (D) mm<\/td>\n<\/tr>\n<tr>\n<td><strong>\u0422\u0435\u0436\u0438\u043d\u0430\u0442\u0430<\/strong><\/td>\n<td>1,5 \u043a<\/td>\n<\/tr>\n<\/tbody>\n<\/table>\n","protected":false},"featured_media":9250,"comment_status":"open","ping_status":"closed","template":"","meta":[],"product_brand":[],"product_cat":[91],"product_tag":[],"class_list":{"0":"post-9381","1":"product","2":"type-product","3":"status-publish","4":"has-post-thumbnail","6":"product_cat-uncategorized-mk","8":"first","9":"instock","10":"shipping-taxable","11":"product-type-simple"},"_links":{"self":[{"href":"https:\/\/craftstudio.rs\/mk\/wp-json\/wp\/v2\/product\/9381","targetHints":{"allow":["GET"]}}],"collection":[{"href":"https:\/\/craftstudio.rs\/mk\/wp-json\/wp\/v2\/product"}],"about":[{"href":"https:\/\/craftstudio.rs\/mk\/wp-json\/wp\/v2\/types\/product"}],"replies":[{"embeddable":true,"href":"https:\/\/craftstudio.rs\/mk\/wp-json\/wp\/v2\/comments?post=9381"}],"wp:featuredmedia":[{"embeddable":true,"href":"https:\/\/craftstudio.rs\/mk\/wp-json\/wp\/v2\/media\/9250"}],"wp:attachment":[{"href":"https:\/\/craftstudio.rs\/mk\/wp-json\/wp\/v2\/media?parent=9381"}],"wp:term":[{"taxonomy":"product_brand","embeddable":true,"href":"https:\/\/craftstudio.rs\/mk\/wp-json\/wp\/v2\/product_brand?post=9381"},{"taxonomy":"product_cat","embeddable":true,"href":"https:\/\/craftstudio.rs\/mk\/wp-json\/wp\/v2\/product_cat?post=9381"},{"taxonomy":"product_tag","embeddable":true,"href":"https:\/\/craftstudio.rs\/mk\/wp-json\/wp\/v2\/product_tag?post=9381"}],"curies":[{"name":"wp","href":"https:\/\/api.w.org\/{rel}","templated":true}]}}