{"id":8630,"date":"2023-08-18T12:30:34","date_gmt":"2023-08-18T12:30:34","guid":{"rendered":"https:\/\/craftstudio.rs\/%d0%bc%d1%80%d0%b5%d0%b6%d0%bd%d0%b0-%d0%be%d0%bf%d1%80%d0%b5%d0%bc%d0%b0\/"},"modified":"2023-09-18T09:25:41","modified_gmt":"2023-09-18T09:25:41","slug":"%d0%bc%d1%80%d0%b5%d0%b6%d0%bd%d0%b0-%d0%be%d0%bf%d1%80%d0%b5%d0%bc%d0%b0","status":"publish","type":"page","link":"https:\/\/craftstudio.rs\/mk\/%d0%bc%d1%80%d0%b5%d0%b6%d0%bd%d0%b0-%d0%be%d0%bf%d1%80%d0%b5%d0%bc%d0%b0\/","title":{"rendered":"\u041c\u0440\u0435\u0436\u043d\u0430 \u043e\u043f\u0440\u0435\u043c\u0430"},"content":{"rendered":"<section class=\"wpb-content-wrapper\"><p>[vc_row][vc_column width=&#8221;1\/2&#8243;][vc_column_text]<\/p>\n<p class=\"p1\">\u0421\u043e\u0432\u0440\u0435\u043c\u0435\u043d\u0430\u0442\u0430 \u043c\u0440\u0435\u0436\u043d\u0430 \u043e\u043f\u0440\u0435\u043c\u0430 \u043e\u0432\u043e\u0437\u043c\u043e\u0436\u0443\u0432\u0430 \u043b\u0435\u0441\u043d\u043e \u0436\u0438\u0447\u0435\u043d\u043e \u0438 \u0431\u0435\u0437\u0436\u0438\u0447\u043d\u043e \u043f\u043e\u0432\u0440\u0437\u0443\u0432\u0430\u045a\u0435, \u0435\u0444\u0438\u043a\u0430\u0441\u043d\u043e \u0443\u043f\u0440\u0430\u0432\u0443\u0432\u0430\u045a\u0435 \u0441\u043e \u043e\u043f\u0442\u043e\u0432\u0430\u0440\u0443\u0432\u0430\u045a\u0435\u0442\u043e \u0437\u0430 \u0434\u0430 \u0441\u0435 \u0437\u0433\u043e\u043b\u0435\u043c\u0438 \u0431\u0440\u0437\u0438\u043d\u0430\u0442\u0430 \u043d\u0430 \u043f\u0440\u0435\u043d\u043e\u0441 \u043d\u0430 \u043f\u043e\u0434\u0430\u0442\u043e\u0446\u0438, \u043a\u0430\u043a\u043e \u0438 \u043e\u043f\u0442\u0438\u043c\u0438\u0437\u0430\u0446\u0438\u0458\u0430 \u0437\u0430 \u0441\u043f\u0435\u0446\u0438\u0444\u0438\u0447\u043d\u0438 \u0446\u0435\u043b\u0438, \u043a\u0430\u043a\u043e \u0448\u0442\u043e \u0435 \u043f\u0440\u0435\u043d\u043e\u0441 \u043d\u0430 \u0433\u043b\u0430\u0441\u043e\u0432\u043d\u0438 \u0438 \u0432\u0438\u0434\u0435\u043e \u0441\u0438\u0433\u043d\u0430\u043b\u0438 \u0432\u043e \u0440\u0435\u0430\u043b\u043d\u043e \u0432\u0440\u0435\u043c\u0435, \u0434\u0443\u0440\u0438 \u0438 \u0432\u043e \u0441\u043b\u0443\u0447\u0430\u0458 \u043d\u0430 \u0441\u043d\u0438\u043c\u043a\u0438 \u0441\u043e HD \u043a\u0432\u0430\u043b\u0438\u0442\u0435\u0442.<\/p>\n<p class=\"p1\">U ponudi imamo svi\u010deve, rutere, be\u017ei\u010dne pristupne ta\u010dke i svu drugu opremu neophodnu da bi se uspostavio efikasan prenos svih tipova podataka od kojih zavisi poslovanje kompanije.<\/p>\n<p>[\/vc_column_text][\/vc_column][vc_column width=&#8221;1\/2&#8243;][vc_single_image image=&#8221;8392&#8243; img_size=&#8221;large&#8221;][\/vc_column][\/vc_row][vc_row][vc_column width=&#8221;1\/6&#8243;][vc_single_image image=&#8221;8484&#8243; img_size=&#8221;medium&#8221;][\/vc_column][vc_column width=&#8221;1\/6&#8243;][vc_single_image image=&#8221;8478&#8243; img_size=&#8221;medium&#8221;][\/vc_column][vc_column width=&#8221;1\/6&#8243;][vc_single_image image=&#8221;8446&#8243; img_size=&#8221;medium&#8221;][\/vc_column][vc_column width=&#8221;1\/6&#8243;][vc_single_image image=&#8221;8455&#8243; img_size=&#8221;medium&#8221;][\/vc_column][vc_column width=&#8221;1\/6&#8243;][vc_single_image image=&#8221;8471&#8243; img_size=&#8221;medium&#8221;][\/vc_column][vc_column width=&#8221;1\/6&#8243;][vc_single_image image=&#8221;8516&#8243; img_size=&#8221;medium&#8221;][\/vc_column][\/vc_row]<\/p>\n<\/section>","protected":false},"excerpt":{"rendered":"<p>[vc_row][vc_column width=&#8221;1\/2&#8243;][vc_column_text] \u0421\u043e\u0432\u0440\u0435\u043c\u0435\u043d\u0430\u0442\u0430 \u043c\u0440\u0435\u0436\u043d\u0430 \u043e\u043f\u0440\u0435\u043c\u0430 \u043e\u0432\u043e\u0437\u043c\u043e\u0436\u0443\u0432\u0430 \u043b\u0435\u0441\u043d\u043e \u0436\u0438\u0447\u0435\u043d\u043e \u0438 \u0431\u0435\u0437\u0436\u0438\u0447\u043d\u043e \u043f\u043e\u0432\u0440\u0437\u0443\u0432\u0430\u045a\u0435, \u0435\u0444\u0438\u043a\u0430\u0441\u043d\u043e \u0443\u043f\u0440\u0430\u0432\u0443\u0432\u0430\u045a\u0435 \u0441\u043e \u043e\u043f\u0442\u043e\u0432\u0430\u0440\u0443\u0432\u0430\u045a\u0435\u0442\u043e [&hellip;]<\/p>\n","protected":false},"author":3,"featured_media":0,"parent":0,"menu_order":0,"comment_status":"closed","ping_status":"closed","template":"","meta":{"footnotes":""},"class_list":["post-8630","page","type-page","status-publish","hentry"],"_links":{"self":[{"href":"https:\/\/craftstudio.rs\/mk\/wp-json\/wp\/v2\/pages\/8630","targetHints":{"allow":["GET"]}}],"collection":[{"href":"https:\/\/craftstudio.rs\/mk\/wp-json\/wp\/v2\/pages"}],"about":[{"href":"https:\/\/craftstudio.rs\/mk\/wp-json\/wp\/v2\/types\/page"}],"author":[{"embeddable":true,"href":"https:\/\/craftstudio.rs\/mk\/wp-json\/wp\/v2\/users\/3"}],"replies":[{"embeddable":true,"href":"https:\/\/craftstudio.rs\/mk\/wp-json\/wp\/v2\/comments?post=8630"}],"version-history":[{"count":8,"href":"https:\/\/craftstudio.rs\/mk\/wp-json\/wp\/v2\/pages\/8630\/revisions"}],"predecessor-version":[{"id":8717,"href":"https:\/\/craftstudio.rs\/mk\/wp-json\/wp\/v2\/pages\/8630\/revisions\/8717"}],"wp:attachment":[{"href":"https:\/\/craftstudio.rs\/mk\/wp-json\/wp\/v2\/media?parent=8630"}],"curies":[{"name":"wp","href":"https:\/\/api.w.org\/{rel}","templated":true}]}}