{"id":9402,"date":"2024-12-16T16:13:05","date_gmt":"2024-12-16T16:13:05","guid":{"rendered":"https:\/\/craftstudio.rs\/?post_type=product&#038;p=9402"},"modified":"2025-01-09T09:47:02","modified_gmt":"2025-01-09T09:47:02","slug":"cst100","status":"publish","type":"product","link":"https:\/\/craftstudio.rs\/en\/proizvod\/cst100\/","title":{"rendered":"CST100"},"content":{"rendered":"","protected":false},"excerpt":{"rendered":"<h3><strong>Specifikacija<\/strong><\/h3>\n<table cellspacing=\"0\" cellpadding=\"0\">\n<tbody>\n<tr>\n<td><strong>Model<\/strong><\/td>\n<td>CST100<\/td>\n<\/tr>\n<tr>\n<td><strong>Potrebna snaga<\/strong><\/td>\n<td>AC 100V \/ 22W, 60Hz<\/td>\n<\/tr>\n<tr>\n<td><strong>Radna temperatura<\/strong><\/td>\n<td>28\u2103 ~ 60\u2103<\/td>\n<\/tr>\n<tr>\n<td><strong>Radno okru\u017eenje<\/strong><\/td>\n<td>Unutra\u0161nje<\/td>\n<\/tr>\n<tr>\n<td><strong>\u0160irina prolaza<\/strong><\/td>\n<td>Prilagodljiva<\/td>\n<\/tr>\n<tr>\n<td><strong>Materijal ku\u0107i\u0161ta<\/strong><\/td>\n<td>Ner\u0111aju\u0107i \u010delik<\/td>\n<\/tr>\n<tr>\n<td><strong>Materijal barijere<\/strong><\/td>\n<td>Akril \/ Ner\u0111aju\u0107i \u010delik<\/td>\n<\/tr>\n<tr>\n<td><strong>Pokret barijere<\/strong><\/td>\n<td>Zamahnuta vrata<\/td>\n<\/tr>\n<tr>\n<td><strong>Nivo sigurnosti<\/strong><\/td>\n<td>Srednji<\/td>\n<\/tr>\n<\/tbody>\n<\/table>\n<p>&nbsp;<\/p>\n<p><a href=\"https:\/\/craftstudio.rs\/wp-content\/uploads\/2024\/12\/Gate_Craftstudio.pdf\"><strong>PDF<\/strong><\/a><\/p>\n","protected":false},"featured_media":9447,"comment_status":"open","ping_status":"closed","template":"","meta":[],"product_brand":[],"product_cat":[93],"product_tag":[],"class_list":{"0":"post-9402","1":"product","2":"type-product","3":"status-publish","4":"has-post-thumbnail","6":"product_cat-jednosmerne-barijere","8":"first","9":"instock","10":"shipping-taxable","11":"product-type-simple"},"_links":{"self":[{"href":"https:\/\/craftstudio.rs\/en\/wp-json\/wp\/v2\/product\/9402","targetHints":{"allow":["GET"]}}],"collection":[{"href":"https:\/\/craftstudio.rs\/en\/wp-json\/wp\/v2\/product"}],"about":[{"href":"https:\/\/craftstudio.rs\/en\/wp-json\/wp\/v2\/types\/product"}],"replies":[{"embeddable":true,"href":"https:\/\/craftstudio.rs\/en\/wp-json\/wp\/v2\/comments?post=9402"}],"wp:featuredmedia":[{"embeddable":true,"href":"https:\/\/craftstudio.rs\/en\/wp-json\/wp\/v2\/media\/9447"}],"wp:attachment":[{"href":"https:\/\/craftstudio.rs\/en\/wp-json\/wp\/v2\/media?parent=9402"}],"wp:term":[{"taxonomy":"product_brand","embeddable":true,"href":"https:\/\/craftstudio.rs\/en\/wp-json\/wp\/v2\/product_brand?post=9402"},{"taxonomy":"product_cat","embeddable":true,"href":"https:\/\/craftstudio.rs\/en\/wp-json\/wp\/v2\/product_cat?post=9402"},{"taxonomy":"product_tag","embeddable":true,"href":"https:\/\/craftstudio.rs\/en\/wp-json\/wp\/v2\/product_tag?post=9402"}],"curies":[{"name":"wp","href":"https:\/\/api.w.org\/{rel}","templated":true}]}}