{"id":9389,"date":"2024-10-23T14:08:41","date_gmt":"2024-10-23T14:08:41","guid":{"rendered":"https:\/\/craftstudio.rs\/proizvod\/cm-p100\/"},"modified":"2024-10-23T14:08:41","modified_gmt":"2024-10-23T14:08:41","slug":"cm-p100","status":"publish","type":"product","link":"https:\/\/craftstudio.rs\/en\/proizvod\/cm-p100\/","title":{"rendered":"CM-P100"},"content":{"rendered":"","protected":false},"excerpt":{"rendered":"<h3><strong>Specification<\/strong><\/h3>\n<table cellspacing=\"0\" cellpadding=\"0\">\n<tbody>\n<tr>\n<td><strong>Model<\/strong><\/td>\n<td>CM-P100<\/td>\n<\/tr>\n<tr>\n<td><strong>Description<\/strong><\/td>\n<td>Remote microphone for 6 zones<\/td>\n<\/tr>\n<tr>\n<td><strong>Energy consumption<\/strong><\/td>\n<td>3W<\/td>\n<\/tr>\n<tr>\n<td><strong>Zone capacity<\/strong><\/td>\n<td>6 zones<\/td>\n<\/tr>\n<tr>\n<td><strong>System capacity<\/strong><\/td>\n<td>8 remote microphones<\/td>\n<\/tr>\n<tr>\n<td><strong>Line inputs<\/strong><\/td>\n<td>350mV, 10k\u2126<\/td>\n<\/tr>\n<tr>\n<td><strong>Microphone input<\/strong><\/td>\n<td>5mV, 600\u2126<\/td>\n<\/tr>\n<tr>\n<td><strong>Frequency response<\/strong><\/td>\n<td>80Hz~16kHz<\/td>\n<\/tr>\n<tr>\n<td><strong>THD<\/strong><\/td>\n<td>\uff1c1% pri RMS, 1KHz<\/td>\n<\/tr>\n<tr>\n<td><strong>Signal to Noise Ratio (S\/N)<\/strong><\/td>\n<td>&gt;70dB<\/td>\n<\/tr>\n<tr>\n<td><strong>Operating temperature<\/strong><\/td>\n<td>-20\u2103 to +70\u2103<\/td>\n<\/tr>\n<tr>\n<td><strong>Power supply<\/strong><\/td>\n<td>DC24V, \u00b120%<\/td>\n<\/tr>\n<tr>\n<td><strong>Humidity<\/strong><\/td>\n<td>&lt;95% non-condensing<\/td>\n<\/tr>\n<tr>\n<td><strong>Dimensions<\/strong><\/td>\n<td>256 (\u0160) \u00d7 149 (V) \u00d7 52 (D) mm<\/td>\n<\/tr>\n<tr>\n<td><strong>Weight<\/strong><\/td>\n<td>1.5kg<\/td>\n<\/tr>\n<\/tbody>\n<\/table>\n","protected":false},"featured_media":9250,"comment_status":"open","ping_status":"closed","template":"","meta":[],"product_brand":[],"product_cat":[15],"product_tag":[],"class_list":{"0":"post-9389","1":"product","2":"type-product","3":"status-publish","4":"has-post-thumbnail","6":"product_cat-uncategorized","8":"first","9":"instock","10":"shipping-taxable","11":"product-type-simple"},"_links":{"self":[{"href":"https:\/\/craftstudio.rs\/en\/wp-json\/wp\/v2\/product\/9389","targetHints":{"allow":["GET"]}}],"collection":[{"href":"https:\/\/craftstudio.rs\/en\/wp-json\/wp\/v2\/product"}],"about":[{"href":"https:\/\/craftstudio.rs\/en\/wp-json\/wp\/v2\/types\/product"}],"replies":[{"embeddable":true,"href":"https:\/\/craftstudio.rs\/en\/wp-json\/wp\/v2\/comments?post=9389"}],"wp:featuredmedia":[{"embeddable":true,"href":"https:\/\/craftstudio.rs\/en\/wp-json\/wp\/v2\/media\/9250"}],"wp:attachment":[{"href":"https:\/\/craftstudio.rs\/en\/wp-json\/wp\/v2\/media?parent=9389"}],"wp:term":[{"taxonomy":"product_brand","embeddable":true,"href":"https:\/\/craftstudio.rs\/en\/wp-json\/wp\/v2\/product_brand?post=9389"},{"taxonomy":"product_cat","embeddable":true,"href":"https:\/\/craftstudio.rs\/en\/wp-json\/wp\/v2\/product_cat?post=9389"},{"taxonomy":"product_tag","embeddable":true,"href":"https:\/\/craftstudio.rs\/en\/wp-json\/wp\/v2\/product_tag?post=9389"}],"curies":[{"name":"wp","href":"https:\/\/api.w.org\/{rel}","templated":true}]}}