{"id":9361,"date":"2024-10-23T14:09:02","date_gmt":"2024-10-23T14:09:02","guid":{"rendered":"https:\/\/craftstudio.rs\/proizvod\/cm-u100\/"},"modified":"2024-10-23T14:09:02","modified_gmt":"2024-10-23T14:09:02","slug":"cm-u100","status":"publish","type":"product","link":"https:\/\/craftstudio.rs\/en\/proizvod\/cm-u100\/","title":{"rendered":"CM-U100"},"content":{"rendered":"","protected":false},"excerpt":{"rendered":"<h3>Specification<\/h3>\n<table>\n<tbody>\n<tr>\n<td><strong>Model<\/strong><\/td>\n<td colspan=\"4\">CM-U100<\/td>\n<\/tr>\n<tr>\n<td><strong>Description<\/strong><\/td>\n<td colspan=\"4\">Table top Condenser Microphone with Chime<\/td>\n<\/tr>\n<tr>\n<td><strong>Capsule Type<\/strong><\/td>\n<td colspan=\"4\">Condenser<\/td>\n<\/tr>\n<tr>\n<td><strong>Frequency Response<\/strong><\/td>\n<td colspan=\"4\">40Hz-16KHz<\/td>\n<\/tr>\n<tr>\n<td><strong>Polar Pattern<\/strong><\/td>\n<td colspan=\"4\">Cardioid<\/td>\n<\/tr>\n<tr>\n<td><strong>Output Impedance<\/strong><\/td>\n<td colspan=\"4\">200\u03a9, balanced<\/td>\n<\/tr>\n<tr>\n<td><strong>Sensitivity<\/strong><\/td>\n<td colspan=\"4\">-38dB<\/td>\n<\/tr>\n<tr>\n<td><strong>Gooseneck Length<\/strong><\/td>\n<td colspan=\"4\">420mm<\/td>\n<\/tr>\n<tr>\n<td><strong>Voice Pick-up Distance<\/strong><\/td>\n<td colspan=\"4\">40cm do 80cm<\/td>\n<\/tr>\n<tr>\n<td><strong>Cable<\/strong><\/td>\n<td colspan=\"4\">5 meters microphone cable with 6.3mm Jack connector<\/td>\n<\/tr>\n<tr>\n<td><strong>Power Supply<\/strong><\/td>\n<td colspan=\"4\">DC9V or AC220V power adapter<\/td>\n<\/tr>\n<tr>\n<td><strong>Dimension<\/strong><\/td>\n<td colspan=\"4\">150(\u0160)\u00d7126(D)\u00d739(V)mm<\/td>\n<\/tr>\n<tr>\n<td><strong>Weight<\/strong><\/td>\n<td colspan=\"4\">0.7kg<\/td>\n<\/tr>\n<\/tbody>\n<\/table>\n","protected":false},"featured_media":9326,"comment_status":"open","ping_status":"closed","template":"","meta":[],"product_brand":[],"product_cat":[15],"product_tag":[],"class_list":{"0":"post-9361","1":"product","2":"type-product","3":"status-publish","4":"has-post-thumbnail","6":"product_cat-uncategorized","8":"first","9":"instock","10":"shipping-taxable","11":"product-type-simple"},"_links":{"self":[{"href":"https:\/\/craftstudio.rs\/en\/wp-json\/wp\/v2\/product\/9361","targetHints":{"allow":["GET"]}}],"collection":[{"href":"https:\/\/craftstudio.rs\/en\/wp-json\/wp\/v2\/product"}],"about":[{"href":"https:\/\/craftstudio.rs\/en\/wp-json\/wp\/v2\/types\/product"}],"replies":[{"embeddable":true,"href":"https:\/\/craftstudio.rs\/en\/wp-json\/wp\/v2\/comments?post=9361"}],"wp:featuredmedia":[{"embeddable":true,"href":"https:\/\/craftstudio.rs\/en\/wp-json\/wp\/v2\/media\/9326"}],"wp:attachment":[{"href":"https:\/\/craftstudio.rs\/en\/wp-json\/wp\/v2\/media?parent=9361"}],"wp:term":[{"taxonomy":"product_brand","embeddable":true,"href":"https:\/\/craftstudio.rs\/en\/wp-json\/wp\/v2\/product_brand?post=9361"},{"taxonomy":"product_cat","embeddable":true,"href":"https:\/\/craftstudio.rs\/en\/wp-json\/wp\/v2\/product_cat?post=9361"},{"taxonomy":"product_tag","embeddable":true,"href":"https:\/\/craftstudio.rs\/en\/wp-json\/wp\/v2\/product_tag?post=9361"}],"curies":[{"name":"wp","href":"https:\/\/api.w.org\/{rel}","templated":true}]}}