{"id":9360,"date":"2024-10-23T14:09:47","date_gmt":"2024-10-23T14:09:47","guid":{"rendered":"https:\/\/craftstudio.rs\/proizvod\/cs-n200w\/"},"modified":"2024-10-23T14:09:47","modified_gmt":"2024-10-23T14:09:47","slug":"cs-n200w","status":"publish","type":"product","link":"https:\/\/craftstudio.rs\/en\/proizvod\/cs-n200w\/","title":{"rendered":"CS-N200W"},"content":{"rendered":"","protected":false},"excerpt":{"rendered":"<h3><strong>Specification<\/strong><\/h3>\n<table>\n<tbody>\n<tr>\n<td><strong>Model<\/strong><\/td>\n<td>CS-N200W<\/td>\n<\/tr>\n<tr>\n<td><strong>Description<\/strong><\/td>\n<td>Wall Mount Speaker<\/td>\n<\/tr>\n<tr>\n<td><strong>Rated Power Output<\/strong><\/td>\n<td>10W-15W<\/td>\n<\/tr>\n<tr>\n<td><strong>Line Input<\/strong><\/td>\n<td>100V or 70V<\/td>\n<\/tr>\n<tr>\n<td><strong>Frequency Response<\/strong><\/td>\n<td>110-17KHz<\/td>\n<\/tr>\n<tr>\n<td><strong>SPL (@1W\/m)<\/strong><\/td>\n<td>92dB<\/td>\n<\/tr>\n<tr>\n<td><strong>Speaker Unit<\/strong><\/td>\n<td>6\u201d full range paper cone<\/td>\n<\/tr>\n<tr>\n<td><strong>Dimension<\/strong><\/td>\n<td>260 (\u0160) \u00d7 185 (D) \u00d7 120 (V) mm<\/td>\n<\/tr>\n<tr>\n<td><strong>Material<\/strong><\/td>\n<td>ABS enclosure and ABS grille in white<\/td>\n<\/tr>\n<tr>\n<td><strong>Mounting Way<\/strong><\/td>\n<td>Quick installation by screw hanging hole<\/td>\n<\/tr>\n<tr>\n<td><strong>Weight<\/strong><\/td>\n<td>1.3kg<\/td>\n<\/tr>\n<\/tbody>\n<\/table>\n","protected":false},"featured_media":9272,"comment_status":"closed","ping_status":"closed","template":"","meta":[],"product_brand":[],"product_cat":[15],"product_tag":[],"class_list":{"0":"post-9360","1":"product","2":"type-product","3":"status-publish","4":"has-post-thumbnail","6":"product_cat-uncategorized","8":"first","9":"instock","10":"shipping-taxable","11":"product-type-simple"},"_links":{"self":[{"href":"https:\/\/craftstudio.rs\/en\/wp-json\/wp\/v2\/product\/9360","targetHints":{"allow":["GET"]}}],"collection":[{"href":"https:\/\/craftstudio.rs\/en\/wp-json\/wp\/v2\/product"}],"about":[{"href":"https:\/\/craftstudio.rs\/en\/wp-json\/wp\/v2\/types\/product"}],"replies":[{"embeddable":true,"href":"https:\/\/craftstudio.rs\/en\/wp-json\/wp\/v2\/comments?post=9360"}],"wp:featuredmedia":[{"embeddable":true,"href":"https:\/\/craftstudio.rs\/en\/wp-json\/wp\/v2\/media\/9272"}],"wp:attachment":[{"href":"https:\/\/craftstudio.rs\/en\/wp-json\/wp\/v2\/media?parent=9360"}],"wp:term":[{"taxonomy":"product_brand","embeddable":true,"href":"https:\/\/craftstudio.rs\/en\/wp-json\/wp\/v2\/product_brand?post=9360"},{"taxonomy":"product_cat","embeddable":true,"href":"https:\/\/craftstudio.rs\/en\/wp-json\/wp\/v2\/product_cat?post=9360"},{"taxonomy":"product_tag","embeddable":true,"href":"https:\/\/craftstudio.rs\/en\/wp-json\/wp\/v2\/product_tag?post=9360"}],"curies":[{"name":"wp","href":"https:\/\/api.w.org\/{rel}","templated":true}]}}