{"id":9359,"date":"2024-10-23T14:10:02","date_gmt":"2024-10-23T14:10:02","guid":{"rendered":"https:\/\/craftstudio.rs\/proizvod\/cs-n300b\/"},"modified":"2024-10-23T14:10:02","modified_gmt":"2024-10-23T14:10:02","slug":"cs-n300b","status":"publish","type":"product","link":"https:\/\/craftstudio.rs\/en\/proizvod\/cs-n300b\/","title":{"rendered":"CS-N300B"},"content":{"rendered":"","protected":false},"excerpt":{"rendered":"<h4><strong>Specification:<\/strong><\/h4>\n<table cellspacing=\"0\" cellpadding=\"0\">\n<tbody>\n<tr>\n<td><strong>Model<\/strong><\/td>\n<td>CS-N300B<\/td>\n<\/tr>\n<tr>\n<td><strong>Description<\/strong><\/td>\n<td>Wall Mount Speaker<\/td>\n<\/tr>\n<tr>\n<td><strong>Rated Power Output<\/strong><\/td>\n<td>20W<\/td>\n<\/tr>\n<tr>\n<td><strong>Line Input<\/strong><\/td>\n<td>100V or 70V<\/td>\n<\/tr>\n<tr>\n<td><strong>Frequency Response<\/strong><\/td>\n<td>100-20KHz<\/td>\n<\/tr>\n<tr>\n<td><strong>SPL (@1W\/m)<\/strong><\/td>\n<td>90dB<\/td>\n<\/tr>\n<tr>\n<td><strong>Speaker Unit<\/strong><\/td>\n<td>4\u201d woofer and 1.5\u201d tweeter two way speaker units<\/td>\n<\/tr>\n<tr>\n<td><strong>Dimension<\/strong><\/td>\n<td>160 (\u0160) \u00d7 150 (D) \u00d7 225 (V) mm<\/td>\n<\/tr>\n<tr>\n<td><strong>Material<\/strong><\/td>\n<td>ABS enclosure and metal grille in black<\/td>\n<\/tr>\n<tr>\n<td><strong>Mounting Way<\/strong><\/td>\n<td>Quick installation by supplied stainless mounting bracket<\/td>\n<\/tr>\n<tr>\n<td><strong>Net Weight<\/strong><\/td>\n<td>2.2kg<\/td>\n<\/tr>\n<\/tbody>\n<\/table>\n","protected":false},"featured_media":9263,"comment_status":"closed","ping_status":"closed","template":"","meta":[],"product_brand":[],"product_cat":[15],"product_tag":[],"class_list":{"0":"post-9359","1":"product","2":"type-product","3":"status-publish","4":"has-post-thumbnail","6":"product_cat-uncategorized","8":"first","9":"instock","10":"shipping-taxable","11":"product-type-simple"},"_links":{"self":[{"href":"https:\/\/craftstudio.rs\/en\/wp-json\/wp\/v2\/product\/9359","targetHints":{"allow":["GET"]}}],"collection":[{"href":"https:\/\/craftstudio.rs\/en\/wp-json\/wp\/v2\/product"}],"about":[{"href":"https:\/\/craftstudio.rs\/en\/wp-json\/wp\/v2\/types\/product"}],"replies":[{"embeddable":true,"href":"https:\/\/craftstudio.rs\/en\/wp-json\/wp\/v2\/comments?post=9359"}],"wp:featuredmedia":[{"embeddable":true,"href":"https:\/\/craftstudio.rs\/en\/wp-json\/wp\/v2\/media\/9263"}],"wp:attachment":[{"href":"https:\/\/craftstudio.rs\/en\/wp-json\/wp\/v2\/media?parent=9359"}],"wp:term":[{"taxonomy":"product_brand","embeddable":true,"href":"https:\/\/craftstudio.rs\/en\/wp-json\/wp\/v2\/product_brand?post=9359"},{"taxonomy":"product_cat","embeddable":true,"href":"https:\/\/craftstudio.rs\/en\/wp-json\/wp\/v2\/product_cat?post=9359"},{"taxonomy":"product_tag","embeddable":true,"href":"https:\/\/craftstudio.rs\/en\/wp-json\/wp\/v2\/product_tag?post=9359"}],"curies":[{"name":"wp","href":"https:\/\/api.w.org\/{rel}","templated":true}]}}