{"id":9358,"date":"2024-10-23T14:10:17","date_gmt":"2024-10-23T14:10:17","guid":{"rendered":"https:\/\/craftstudio.rs\/proizvod\/cs-h750w\/"},"modified":"2024-10-23T14:10:17","modified_gmt":"2024-10-23T14:10:17","slug":"cs-h750w","status":"publish","type":"product","link":"https:\/\/craftstudio.rs\/en\/proizvod\/cs-h750w\/","title":{"rendered":"CS-H750W"},"content":{"rendered":"","protected":false},"excerpt":{"rendered":"<h3><strong>Specification<\/strong><\/h3>\n<table cellspacing=\"0\" cellpadding=\"0\">\n<tbody>\n<tr>\n<td><strong>Model<\/strong><\/td>\n<td>CS-H750W<\/td>\n<\/tr>\n<tr>\n<td><strong>Description<\/strong><\/td>\n<td>30W Outdoor Horn Speaker<\/td>\n<\/tr>\n<tr>\n<td><strong>Rated Power Output<\/strong><\/td>\n<td>30W<\/td>\n<\/tr>\n<tr>\n<td><strong>Line Input<\/strong><\/td>\n<td>100V or 70V<\/td>\n<\/tr>\n<tr>\n<td><strong>Frequency Response<\/strong><\/td>\n<td>350-8KHz<\/td>\n<\/tr>\n<tr>\n<td><strong>SPL (@1W\/m)<\/strong><\/td>\n<td>105dB<\/td>\n<\/tr>\n<tr>\n<td><strong>IP Rate<\/strong><\/td>\n<td>IP66<\/td>\n<\/tr>\n<tr>\n<td><strong>Connector<\/strong><\/td>\n<td>By speaker cable tail<\/td>\n<\/tr>\n<tr>\n<td><strong>Dimension<\/strong><\/td>\n<td>285 (\u0160) \u00d7 280 (D) \u00d7 205 (V) mm<\/td>\n<\/tr>\n<tr>\n<td><strong>Net Weight<\/strong><\/td>\n<td>2kg<\/td>\n<\/tr>\n<tr>\n<td><strong>Material<\/strong><\/td>\n<td>ABS enclosure and stainless metal bracket in white<\/td>\n<\/tr>\n<tr>\n<td><strong>Mounting Way<\/strong><\/td>\n<td>Quick installation by supplied stainless mounting bracket<\/td>\n<\/tr>\n<\/tbody>\n<\/table>\n","protected":false},"featured_media":9269,"comment_status":"closed","ping_status":"closed","template":"","meta":[],"product_brand":[],"product_cat":[15],"product_tag":[],"class_list":{"0":"post-9358","1":"product","2":"type-product","3":"status-publish","4":"has-post-thumbnail","6":"product_cat-uncategorized","8":"first","9":"instock","10":"shipping-taxable","11":"product-type-simple"},"_links":{"self":[{"href":"https:\/\/craftstudio.rs\/en\/wp-json\/wp\/v2\/product\/9358","targetHints":{"allow":["GET"]}}],"collection":[{"href":"https:\/\/craftstudio.rs\/en\/wp-json\/wp\/v2\/product"}],"about":[{"href":"https:\/\/craftstudio.rs\/en\/wp-json\/wp\/v2\/types\/product"}],"replies":[{"embeddable":true,"href":"https:\/\/craftstudio.rs\/en\/wp-json\/wp\/v2\/comments?post=9358"}],"wp:featuredmedia":[{"embeddable":true,"href":"https:\/\/craftstudio.rs\/en\/wp-json\/wp\/v2\/media\/9269"}],"wp:attachment":[{"href":"https:\/\/craftstudio.rs\/en\/wp-json\/wp\/v2\/media?parent=9358"}],"wp:term":[{"taxonomy":"product_brand","embeddable":true,"href":"https:\/\/craftstudio.rs\/en\/wp-json\/wp\/v2\/product_brand?post=9358"},{"taxonomy":"product_cat","embeddable":true,"href":"https:\/\/craftstudio.rs\/en\/wp-json\/wp\/v2\/product_cat?post=9358"},{"taxonomy":"product_tag","embeddable":true,"href":"https:\/\/craftstudio.rs\/en\/wp-json\/wp\/v2\/product_tag?post=9358"}],"curies":[{"name":"wp","href":"https:\/\/api.w.org\/{rel}","templated":true}]}}