{"id":9357,"date":"2024-10-23T14:08:22","date_gmt":"2024-10-23T14:08:22","guid":{"rendered":"https:\/\/craftstudio.rs\/proizvod\/cp-b6000\/"},"modified":"2024-10-26T08:22:30","modified_gmt":"2024-10-26T08:22:30","slug":"cp-b6000","status":"publish","type":"product","link":"https:\/\/craftstudio.rs\/en\/proizvod\/cp-b6000\/","title":{"rendered":"CP-B6000"},"content":{"rendered":"","protected":false},"excerpt":{"rendered":"<h3><strong>Specification<\/strong><\/h3>\n<table cellspacing=\"0\" cellpadding=\"0\">\n<tbody>\n<tr>\n<td><strong>Model<\/strong><\/td>\n<td colspan=\"5\"><strong>CP-B6000<\/strong><\/td>\n<\/tr>\n<tr>\n<td><strong>Description<\/strong><\/td>\n<td colspan=\"5\">Public Address System 650W Mixer Amplifier<\/td>\n<\/tr>\n<tr>\n<td><strong>Rated Power Output<\/strong><\/td>\n<td colspan=\"5\">650W<\/td>\n<\/tr>\n<tr>\n<td><strong>Speaker Output<\/strong><\/td>\n<td colspan=\"5\">70V, 100V, 6 zona izlaz zvu\u010dnika 100V<\/td>\n<\/tr>\n<tr>\n<td><strong>Input<\/strong><\/td>\n<td colspan=\"5\">Mic1-3: 600 ohms(\u2126) 5-8 mV, unbalanced, Line1-2: 10k ohms(\u2126) 150-470 mV, unbalanced<\/td>\n<\/tr>\n<tr>\n<td><strong>Frequency Response<\/strong><\/td>\n<td colspan=\"5\">60-15KHz<\/td>\n<\/tr>\n<tr>\n<td><strong>THD<\/strong><\/td>\n<td colspan=\"5\">&lt;&lt;0.5% at 1kHz, 1\/3 rated power<\/td>\n<\/tr>\n<tr>\n<td><strong>S\/N Ratio<\/strong><\/td>\n<td colspan=\"5\">Line: 85 dB, MIC: &gt;72 dB<\/td>\n<\/tr>\n<tr>\n<td><strong>Protection<\/strong><\/td>\n<td colspan=\"5\">High temp, short circuit, overload protection<\/td>\n<\/tr>\n<tr>\n<td><strong>Power Supply<\/strong><\/td>\n<td colspan=\"5\">AC230V or AC110V, 50-60Hz<\/td>\n<\/tr>\n<tr>\n<td><strong>Power Consumption<\/strong><\/td>\n<td colspan=\"5\">750W<\/td>\n<\/tr>\n<tr>\n<td><strong>Dimension<\/strong><\/td>\n<td colspan=\"5\">418 (\u0160) \u00d7 318 (D) \u00d7 88 (V) mm<\/td>\n<\/tr>\n<tr>\n<td><strong>Gross Weight<\/strong><\/td>\n<td colspan=\"5\">14.5kg<\/td>\n<\/tr>\n<tr>\n<td><strong>Warranty<\/strong><\/td>\n<td colspan=\"5\">5 years<\/td>\n<\/tr>\n<\/tbody>\n<\/table>\n","protected":false},"featured_media":9260,"comment_status":"open","ping_status":"closed","template":"","meta":[],"product_brand":[],"product_cat":[15],"product_tag":[],"class_list":{"0":"post-9357","1":"product","2":"type-product","3":"status-publish","4":"has-post-thumbnail","6":"product_cat-uncategorized","8":"first","9":"instock","10":"shipping-taxable","11":"product-type-simple"},"_links":{"self":[{"href":"https:\/\/craftstudio.rs\/en\/wp-json\/wp\/v2\/product\/9357","targetHints":{"allow":["GET"]}}],"collection":[{"href":"https:\/\/craftstudio.rs\/en\/wp-json\/wp\/v2\/product"}],"about":[{"href":"https:\/\/craftstudio.rs\/en\/wp-json\/wp\/v2\/types\/product"}],"replies":[{"embeddable":true,"href":"https:\/\/craftstudio.rs\/en\/wp-json\/wp\/v2\/comments?post=9357"}],"wp:featuredmedia":[{"embeddable":true,"href":"https:\/\/craftstudio.rs\/en\/wp-json\/wp\/v2\/media\/9260"}],"wp:attachment":[{"href":"https:\/\/craftstudio.rs\/en\/wp-json\/wp\/v2\/media?parent=9357"}],"wp:term":[{"taxonomy":"product_brand","embeddable":true,"href":"https:\/\/craftstudio.rs\/en\/wp-json\/wp\/v2\/product_brand?post=9357"},{"taxonomy":"product_cat","embeddable":true,"href":"https:\/\/craftstudio.rs\/en\/wp-json\/wp\/v2\/product_cat?post=9357"},{"taxonomy":"product_tag","embeddable":true,"href":"https:\/\/craftstudio.rs\/en\/wp-json\/wp\/v2\/product_tag?post=9357"}],"curies":[{"name":"wp","href":"https:\/\/api.w.org\/{rel}","templated":true}]}}