{"id":8908,"date":"2018-10-22T13:48:46","date_gmt":"2018-10-22T13:48:46","guid":{"rendered":"https:\/\/craftstudio.rs\/contact\/"},"modified":"2024-12-26T09:19:53","modified_gmt":"2024-12-26T09:19:53","slug":"contact","status":"publish","type":"page","link":"https:\/\/craftstudio.rs\/en\/contact\/","title":{"rendered":"Contact"},"content":{"rendered":"<section class=\"wpb-content-wrapper\"><p>[vc_row full_width=&#8221;stretch_row&#8221; kd_image_overlay_color=&#8221;rgba(0,0,0,0.7)&#8221; kd_image_overlay=&#8221;true&#8221; css=&#8221;.vc_custom_1692818147294{padding-top: 260px !important;padding-bottom: 200px !important;background-image: url(https:\/\/craftstudio.rs\/wp-content\/uploads\/2023\/08\/kontakt-min.jpg?id=7833) !important;background-position: center !important;background-repeat: no-repeat !important;background-size: cover !important;}&#8221;][vc_column css=&#8221;.vc_custom_1513003956648{padding-top: 0px !important;}&#8221;][vc_row_inner][vc_column_inner width=&#8221;1\/6&#8243; css=&#8221;.vc_custom_1513004658055{padding-top: 50px !important;padding-left: 0px !important;}&#8221;][\/vc_column_inner][vc_column_inner width=&#8221;2\/3&#8243; css=&#8221;.vc_custom_1513008591637{padding-right: 0px !important;padding-left: 0px !important;}&#8221;]<div class=\"kd-text-rotator kd-rotatorid-69df0adb9134f text-center  \"><div class=\"kd-text-rotator-container\"><h2 class=\"rotator-single kd-rotator-item-1 \" style=\" color: #ffffff; font-size: 60px;\">Imate pitanja? <\/h2><h2 class=\"rotator-single kd-rotator-item-2 last\" style=\"transition: all 0.5s 1.75s; color: #ffffff; font-size: 60px;\">Kontaktirajte nas!<\/h2><\/div><\/div>[\/vc_column_inner][vc_column_inner width=&#8221;1\/6&#8243;][\/vc_column_inner][\/vc_row_inner][\/vc_column][\/vc_row][vc_row full_width=&#8221;stretch_row&#8221; css=&#8221;.vc_custom_1718116658069{padding-top: 30px !important;padding-bottom: 30px !important;background-color: #ededed !important;}&#8221;][vc_column][vc_column_text]<\/p>\n<h3 style=\"text-align: center; font-weight: 600; font-size: 42px !important;\">We are <span style=\"color: #d10000;\">global<\/span><\/h3>\n<p>[\/vc_column_text][\/vc_column][\/vc_row][vc_row full_width=&#8221;stretch_row_content&#8221;][vc_column][vc_row_inner css=&#8221;.vc_custom_1692701254781{margin-top: 50px !important;margin-bottom: 50px !important;}&#8221;][vc_column_inner width=&#8221;1\/4&#8243;][vc_column_text]<\/p>\n<h4 style=\"text-align: center;\"><strong>Crna Gora<\/strong><\/h4>\n<p style=\"text-align: center;\">Dr Bla\u017ea Rai\u010devi\u0107a 79<br \/>Podgorica<br \/><a href=\"tel:+38163608160\">+38163608160<\/a><\/p>\n<p style=\"text-align: center;\"><a href=\"mailto:office.mne@craftstudio.rs\">office.mne@craftstudio.rs<\/a><\/p>\n<p>[\/vc_column_text][\/vc_column_inner][vc_column_inner width=&#8221;1\/4&#8243;][vc_column_text]<\/p>\n<h4 style=\"text-align: center;\"><strong>Makedonija<\/strong><\/h4>\n<p style=\"text-align: center;\">Kiro Kucuk 41<br \/>Veles<br \/><a href=\"tel:+38975444334\">+38975444334<\/a><\/p>\n<p style=\"text-align: center;\"><a href=\"mailto:office@craftstudio.mk\">office@craftstudio.mk<\/a><\/p>\n<p>[\/vc_column_text][\/vc_column_inner][vc_column_inner width=&#8221;1\/4&#8243;][vc_column_text]<\/p>\n<h4 style=\"text-align: center;\"><strong>Srbija<\/strong><\/h4>\n<p style=\"text-align: center;\">Ja\u0161e Ignjatovi\u0107a 7<br \/>Beograd<br \/><a href=\"tel:+381%2011%20244%203663\">+381 11 244 3663<\/a><\/p>\n<p style=\"text-align: center;\"><a href=\"mailto:office@craftstudio.rs\">office@craftstudio.rs<\/a><\/p>\n<p>[\/vc_column_text][\/vc_column_inner][vc_column_inner width=&#8221;1\/4&#8243;][vc_column_text]<\/p>\n<h4 style=\"text-align: center;\"><strong>Hrvatska<\/strong><\/h4>\n<p style=\"text-align: center;\">Marku\u0161eve\u010dka Trnava 12<br \/>Zagreb<br \/><a href=\"tel:+385913660217\">+385913660217<\/a><\/p>\n<p style=\"text-align: center;\"><a href=\"mailto:bigswordfishjdoo@gmail.com\">bigswordfishjdoo@gmail.com<\/a><\/p>\n<p>[\/vc_column_text][\/vc_column_inner][\/vc_row_inner][vc_row_inner css=&#8221;.vc_custom_1692701254781{margin-top: 50px !important;margin-bottom: 50px !important;}&#8221;][vc_column_inner width=&#8221;1\/4&#8243;][vc_column_text]<\/p>\n<h4 style=\"text-align: center;\"><strong>Bosna i Hercegovina<\/strong><\/h4>\n<p style=\"text-align: center;\">Kolonija broj 44,<br \/>Konjic<br \/><a href=\"tel:+38163608160\">+38163608160<\/a><\/p>\n<p style=\"text-align: center;\"><a href=\"mailto:office@craftstudio.ba\">office@craftstudio.ba<\/a><\/p>\n<p>[\/vc_column_text][\/vc_column_inner][vc_column_inner width=&#8221;1\/4&#8243;][vc_column_text]<\/p>\n<h4 style=\"text-align: center;\"><strong>Albanija<\/strong><\/h4>\n<p style=\"text-align: center;\">Rruga Shyqyri Brari, 1\/1 1016<br \/>Tirana, Albania<br \/><a href=\"tel:+355697068226\">+355 69 70 68 226<\/a><\/p>\n<p style=\"text-align: center;\"><a href=\"mailto:info@solo.al\">info@solo.al<\/a><\/p>\n<p>&nbsp;[\/vc_column_text][\/vc_column_inner][vc_column_inner width=&#8221;1\/4&#8243;][vc_column_text]<\/p>\n<h4 style=\"text-align: center;\"><strong>Kosovo<\/strong><\/h4>\n<p style=\"text-align: center;\">Rr Kodra e Diellit, Laxha e Re 1<br \/>Prishtina<br \/><a href=\"tel:+38975444787\">+38975444787<\/a><\/p>\n<p style=\"text-align: center;\"><a href=\"mailto:office.kim@craftstudio.rs\">office.kim@craftstudio.rs<\/a><\/p>\n<p>[\/vc_column_text][\/vc_column_inner][vc_column_inner width=&#8221;1\/4&#8243;][\/vc_column_inner][\/vc_row_inner][vc_gmaps link=&#8221;#E-8_JTNDaWZyYW1lJTIwc3JjJTNEJTIyaHR0cHMlM0ElMkYlMkZ3d3cuZ29vZ2xlLmNvbSUyRm1hcHMlMkZlbWJlZCUzRnBiJTNEJTIxMW0xOCUyMTFtMTIlMjExbTMlMjExZDI4MzEuOTUxODU0NDQ0NTA3JTIxMmQyMC40ODI1MzI4NzU4MDk1MDglMjEzZDQ0Ljc4MTc4Njg3MTA3MDk4NSUyMTJtMyUyMTFmMCUyMTJmMCUyMTNmMCUyMTNtMiUyMTFpMTAyNCUyMTJpNzY4JTIxNGYxMy4xJTIxM20zJTIxMW0yJTIxMXMweDQ3NWE3MDYwZWYyY2EzNWYlMjUzQTB4YTMyNzZmOWE3OTIwMGIyNCUyMTJzQ3JhZnQlMjUyMHN0dWRpbyUyMTVlMCUyMTNtMiUyMTFzc3IlMjEyc3JzJTIxNHYxNjkyMTg2OTc0Mjg1JTIxNW0yJTIxMXNzciUyMTJzcnMlMjIlMjB3aWR0aCUzRCUyMjEwMCUyNSUyMiUyMGhlaWdodCUzRCUyMjY1MCUyMiUyMHN0eWxlJTNEJTIyYm9yZGVyJTNBMCUzQiUyMiUyMGFsbG93ZnVsbHNjcmVlbiUzRCUyMiUyMiUyMGxvYWRpbmclM0QlMjJsYXp5JTIyJTIwcmVmZXJyZXJwb2xpY3klM0QlMjJuby1yZWZlcnJlci13aGVuLWRvd25ncmFkZSUyMiUzRSUzQyUyRmlmcmFtZSUzRQ==&#8221;][\/vc_column][\/vc_row][vc_row full_width=&#8221;stretch_row_content_no_spaces&#8221; css=&#8221;.vc_custom_1693906850500{padding-top: 0px !important;padding-bottom: 0px !important;background-color: #f4f4f4 !important;}&#8221;][vc_column width=&#8221;1\/2&#8243; css=&#8221;.vc_custom_1693906874321{padding-top: 0px !important;background-color: #ffffff !important;}&#8221; offset=&#8221;vc_col-lg-6 vc_col-md-12&#8243;][vc_single_image image=&#8221;7564&#8243; img_size=&#8221;large&#8221; css=&#8221;.vc_custom_1693906861008{background-color: #ffffff !important;}&#8221;][\/vc_column][vc_column width=&#8221;1\/2&#8243; css=&#8221;.vc_custom_1692814203679{padding-top: 20px !important;padding-right: 50px !important;padding-left: 50px !important;}&#8221; offset=&#8221;vc_col-lg-6 vc_col-md-12&#8243;][vc_column_text css=&#8221;.vc_custom_1693906922999{padding-top: 20px !important;}&#8221;]<\/p>\n<p style=\"text-align: center;\"><strong>Phone:<\/strong> <a href=\"tel:+4733378901\">+381 11 244 3663<\/a><\/p>\n<p style=\"text-align: center;\"><strong>Email: <\/strong><a href=\"mailto:office@craftstudio.rs\">office@craftstudio.rs<\/a><\/p>\n<p>[\/vc_column_text]<style id=\"wpforms-css-vars-7697\">\n\t\t\t\t#wpforms-7697 {\n\t\t\t\t\n\t\t\t}\n\t\t\t<\/style><div class=\"wpforms-container wpforms-container-full wpforms-render-modern\" id=\"wpforms-7697\"><form id=\"wpforms-form-7697\" class=\"wpforms-validate wpforms-form wpforms-ajax-form\" data-formid=\"7697\" method=\"post\" enctype=\"multipart\/form-data\" action=\"\/en\/wp-json\/wp\/v2\/pages\/8908\" data-token=\"8407b4619e803c1912d7268a1462df0a\" data-token-time=\"1776224987\"><noscript class=\"wpforms-error-noscript\">Please enable JavaScript in your browser to complete this form.<\/noscript><div id=\"wpforms-error-noscript\" style=\"display: none;\">Please enable JavaScript in your browser to complete this form.<\/div><div class=\"wpforms-field-container\"><div id=\"wpforms-7697-field_0-container\" class=\"wpforms-field wpforms-field-name\" data-field-id=\"0\"><fieldset><legend class=\"wpforms-field-label wpforms-label-hide\" aria-hidden=\"false\">Ime i prezime <span class=\"wpforms-required-label\" aria-hidden=\"true\">*<\/span><\/legend><div class=\"wpforms-field-row wpforms-field-large\"><div class=\"wpforms-field-row-block wpforms-first wpforms-one-half\"><input type=\"text\" id=\"wpforms-7697-field_0\" class=\"wpforms-field-name-first wpforms-field-required\" name=\"wpforms[fields][0][first]\" placeholder=\"First name\" aria-errormessage=\"wpforms-7697-field_0-error\" required><label for=\"wpforms-7697-field_0\" class=\"wpforms-field-sublabel after wpforms-sublabel-hide\">First<\/label><\/div><div class=\"wpforms-field-row-block wpforms-one-half\"><input type=\"text\" id=\"wpforms-7697-field_0-last\" class=\"wpforms-field-name-last wpforms-field-required\" name=\"wpforms[fields][0][last]\" placeholder=\"Last name\" aria-errormessage=\"wpforms-7697-field_0-last-error\" required><label for=\"wpforms-7697-field_0-last\" class=\"wpforms-field-sublabel after wpforms-sublabel-hide\">Last<\/label><\/div><\/div><\/fieldset><\/div><div id=\"wpforms-7697-field_1-container\" class=\"wpforms-field wpforms-field-email\" data-field-id=\"1\"><label class=\"wpforms-field-label wpforms-label-hide\" for=\"wpforms-7697-field_1\" aria-hidden=\"false\">Email <span class=\"wpforms-required-label\" aria-hidden=\"true\">*<\/span><\/label><input type=\"email\" id=\"wpforms-7697-field_1\" class=\"wpforms-field-large wpforms-field-required\" name=\"wpforms[fields][1]\" placeholder=\"Email\" spellcheck=\"false\" aria-errormessage=\"wpforms-7697-field_1-error\" required><\/div><div id=\"wpforms-7697-field_4-container\" class=\"wpforms-field wpforms-field-text\" data-field-id=\"4\"><label class=\"wpforms-field-label wpforms-label-hide\" for=\"wpforms-7697-field_4\" aria-hidden=\"false\">Topic of interest<\/label><input type=\"text\" id=\"wpforms-7697-field_4\" class=\"wpforms-field-large\" name=\"wpforms[fields][4]\" placeholder=\"Topic of interest\" aria-errormessage=\"wpforms-7697-field_4-error\" ><\/div><div id=\"wpforms-7697-field_2-container\" class=\"wpforms-field wpforms-field-textarea\" data-field-id=\"2\"><label class=\"wpforms-field-label wpforms-label-hide\" for=\"wpforms-7697-field_2\" aria-hidden=\"false\">Poruka<\/label><textarea id=\"wpforms-7697-field_2\" class=\"wpforms-field-medium\" name=\"wpforms[fields][2]\" placeholder=\"Message\" aria-errormessage=\"wpforms-7697-field_2-error\" ><\/textarea><\/div><div id=\"wpforms-7697-field_3-container\" class=\"wpforms-field wpforms-field-captcha\" data-field-id=\"3\"><label class=\"wpforms-field-label wpforms-label-hide\" for=\"wpforms-7697-field_3\" aria-hidden=\"false\">Custom Captcha <span class=\"wpforms-required-label\" aria-hidden=\"true\">*<\/span><\/label>\t\t\t<div class=\"wpforms-captcha-math\">\n\t\t\t\t<span id=\"wpforms-7697-field_3-question\" class=\"wpforms-captcha-equation\">\n\t\t\t\t\t<span class=\"n1\">7<\/span>\n\t\t\t\t\t\t\t<span class=\"cal\">+<\/span>\n\t\t\t\t\t\t\t<span class=\"n2\">15<\/span>\t\t\t\t\t<span class=\"e\">=<\/span>\n\t\t\t\t<\/span>\n\t\t\t\t<input type=\"text\" id=\"wpforms-7697-field_3\" class=\"wpforms-field-medium wpforms-field-required a\" data-rule-wpf-captcha=\"math\" data-is-wrapped-field=\"1\" name=\"wpforms[fields][3][a]\" aria-errormessage=\"wpforms-7697-field_3-error\" aria-describedby=\"wpforms-7697-field_3-question\" required>\t\t\t\t<input type=\"hidden\" name=\"wpforms[fields][3][cal]\" class=\"cal\">\n\t\t\t\t<input type=\"hidden\" name=\"wpforms[fields][3][n2]\" class=\"n2\">\n\t\t\t\t<input type=\"hidden\" name=\"wpforms[fields][3][n1]\" class=\"n1\">\n\t\t\t<\/div>\n\t\t\t<\/div><\/div><!-- .wpforms-field-container --><div class=\"wpforms-recaptcha-container wpforms-is-recaptcha wpforms-is-recaptcha-type-v2\" ><div class=\"g-recaptcha\" data-sitekey=\"6LewJzQoAAAAALXNsQ193oQsbCtRUu-7T9va0_J5\"><\/div><input type=\"text\" name=\"g-recaptcha-hidden\" class=\"wpforms-recaptcha-hidden\" style=\"position:absolute!important;clip:rect(0,0,0,0)!important;height:1px!important;width:1px!important;border:0!important;overflow:hidden!important;padding:0!important;margin:0!important;\" data-rule-recaptcha=\"1\"><\/div><div class=\"wpforms-submit-container\" ><input type=\"hidden\" name=\"wpforms[id]\" value=\"7697\"><input type=\"hidden\" name=\"page_title\" value=\"\"><input type=\"hidden\" name=\"page_url\" value=\"https:\/\/craftstudio.rs\/en\/wp-json\/wp\/v2\/pages\/8908\"><input type=\"hidden\" name=\"url_referer\" value=\"\"><button type=\"submit\" name=\"wpforms[submit]\" id=\"wpforms-submit-7697\" class=\"wpforms-submit\" data-alt-text=\"\u0160alje se...\" data-submit-text=\"Send\" aria-live=\"assertive\" value=\"wpforms-submit\">Send<\/button><img loading=\"lazy\" decoding=\"async\" src=\"https:\/\/craftstudio.rs\/wp-content\/plugins\/wpforms\/assets\/images\/submit-spin.svg\" class=\"wpforms-submit-spinner\" style=\"display: none;\" width=\"26\" height=\"26\" alt=\"Loading\"><\/div><\/form><\/div>  <!-- .wpforms-container -->[\/vc_column][\/vc_row]<\/p>\n<\/section>","protected":false},"excerpt":{"rendered":"<p>[vc_row full_width=&#8221;stretch_row&#8221; kd_image_overlay_color=&#8221;rgba(0,0,0,0.7)&#8221; kd_image_overlay=&#8221;true&#8221; css=&#8221;.vc_custom_1692818147294{padding-top: 260px !important;padding-bottom: 200px !important;background-image: url(https:\/\/craftstudio.rs\/wp-content\/uploads\/2023\/08\/kontakt-min.jpg?id=7833) !important;background-position: center !important;background-repeat: no-repeat !important;background-size: [&hellip;]<\/p>\n","protected":false},"author":3,"featured_media":0,"parent":0,"menu_order":0,"comment_status":"closed","ping_status":"closed","template":"","meta":{"footnotes":""},"class_list":["post-8908","page","type-page","status-publish","hentry"],"_links":{"self":[{"href":"https:\/\/craftstudio.rs\/en\/wp-json\/wp\/v2\/pages\/8908","targetHints":{"allow":["GET"]}}],"collection":[{"href":"https:\/\/craftstudio.rs\/en\/wp-json\/wp\/v2\/pages"}],"about":[{"href":"https:\/\/craftstudio.rs\/en\/wp-json\/wp\/v2\/types\/page"}],"author":[{"embeddable":true,"href":"https:\/\/craftstudio.rs\/en\/wp-json\/wp\/v2\/users\/3"}],"replies":[{"embeddable":true,"href":"https:\/\/craftstudio.rs\/en\/wp-json\/wp\/v2\/comments?post=8908"}],"version-history":[{"count":14,"href":"https:\/\/craftstudio.rs\/en\/wp-json\/wp\/v2\/pages\/8908\/revisions"}],"predecessor-version":[{"id":9443,"href":"https:\/\/craftstudio.rs\/en\/wp-json\/wp\/v2\/pages\/8908\/revisions\/9443"}],"wp:attachment":[{"href":"https:\/\/craftstudio.rs\/en\/wp-json\/wp\/v2\/media?parent=8908"}],"curies":[{"name":"wp","href":"https:\/\/api.w.org\/{rel}","templated":true}]}}